{"id":1965,"date":"2018-04-20T09:38:28","date_gmt":"2018-04-20T07:38:28","guid":{"rendered":"http:\/\/www.eichholz.com\/?page_id=1965"},"modified":"2025-02-12T07:56:18","modified_gmt":"2025-02-12T06:56:18","slug":"imprint","status":"publish","type":"page","link":"https:\/\/eichholz.com\/en\/imprint\/","title":{"rendered":"Imprint"},"content":{"rendered":"<div class=\"fusion-fullwidth fullwidth-box fusion-builder-row-1 hundred-percent-fullwidth non-hundred-percent-height-scrolling\" style=\"--awb-border-radius-top-left:0px;--awb-border-radius-top-right:0px;--awb-border-radius-bottom-right:0px;--awb-border-radius-bottom-left:0px;--awb-overflow:visible;--awb-flex-wrap:wrap;\" ><div class=\"fusion-builder-row fusion-row\"><div class=\"fusion-layout-column fusion_builder_column fusion-builder-column-0 fusion_builder_column_1_1 1_1 fusion-one-full fusion-column-first fusion-column-last fusion-column-no-min-height\" style=\"--awb-bg-size:cover;--awb-margin-bottom:0px;\"><div class=\"fusion-column-wrapper fusion-flex-column-wrapper-legacy\"><div class=\"fusion-text fusion-text-1\"><p>Eichholz Silo- und Anlagenbau GmbH<br \/>\nKolpingstra\u00dfe 1<br \/>\nD- 48480 Schapen<\/p>\n<p>Tel. +49 (0) 5458 9309 0<br \/>\nFax. +49 (0) 5458 9309 800<br \/>\nEmail: info@eichholz.com<br \/>\nInternet: www.eichholz.com<\/p>\n<p>Gesch\u00e4ftsf\u00fchrer: Jan Eichholz<br \/>\nHandelsregister Amtsgericht Osnabr\u00fcck HRB 208757<br \/>\nUst-IdNr.: DE 296404149, Steuer-Nr.: 61\/218\/00058.<\/p>\n<p><strong>Haftungshinweis:<\/strong><\/p>\n<p>Wir \u00fcbernehmen keine Haftung f\u00fcr die Inhalte externer Links, daf\u00fcr sind ausschlie\u00dflich deren Betreiber verantwortlich.<\/p>\n<p>Die Firma Eichholz Silo- und Anlagenbau GmbH ist bem\u00fcht, ihre Web-Seiten stets aktuell und inhaltlich richtig sowie vollst\u00e4ndig anzubieten. Dennoch ist das Auftreten von Fehlern nicht v\u00f6llig auszuschlie\u00dfen. Die Fa. Eichholz Silo- und Anlagenbau GmbH \u00fcbernimmt keine Haftung f\u00fcr die Aktualit\u00e4t, die inhaltliche Richtigkeit sowie f\u00fcr die Vollst\u00e4ndigkeit der in ihrem Webangebot eingestellten Informationen. Dies bezieht sich auf eventuelle Sch\u00e4den materieller oder ideeller Art Dritter, die durch die Nutzung dieses Webangebotes verursacht wurden.<\/p>\n<p>Gesch\u00fctzte Marken und Namen, Bilder und Texte werden auf unseren Seiten in der Regel nicht als solche kenntlich gemacht. Das Fehlen einer solchen Kennzeichnung bedeutet jedoch nicht, dass es sich um einen freien Namen, ein freies Bild oder einen freien Text im Sinne des Markenzeichenrechts handelt.<\/p>\n<\/div><div class=\"fusion-clearfix\"><\/div><\/div><\/div><div class=\"fusion-layout-column fusion_builder_column fusion-builder-column-1 fusion_builder_column_1_2 1_2 fusion-one-half fusion-column-first\" style=\"--awb-bg-size:cover;width:48%; margin-right: 4%;\"><div class=\"fusion-column-wrapper fusion-flex-column-wrapper-legacy\"><div class=\"fusion-text fusion-text-2\"><p><strong>Allgemeine Gesch\u00e4ftsbedingungen<\/strong><br \/>\n<a href=\"https:\/\/eichholz.com\/wp-content\/uploads\/AGB-2025.pdf\">Download<\/a><\/p>\n<\/div><div class=\"fusion-clearfix\"><\/div><\/div><\/div><div class=\"fusion-layout-column fusion_builder_column fusion-builder-column-2 fusion_builder_column_1_2 1_2 fusion-one-half fusion-column-last\" style=\"--awb-bg-size:cover;width:48%;\"><div class=\"fusion-column-wrapper fusion-flex-column-wrapper-legacy\"><div class=\"fusion-clearfix\"><\/div><\/div><\/div><\/div><\/div>\n","protected":false},"excerpt":{"rendered":"","protected":false},"author":7,"featured_media":0,"parent":0,"menu_order":0,"comment_status":"open","ping_status":"open","template":"","meta":{"footnotes":""},"class_list":["post-1965","page","type-page","status-publish","hentry"],"_links":{"self":[{"href":"https:\/\/eichholz.com\/en\/wp-json\/wp\/v2\/pages\/1965","targetHints":{"allow":["GET"]}}],"collection":[{"href":"https:\/\/eichholz.com\/en\/wp-json\/wp\/v2\/pages"}],"about":[{"href":"https:\/\/eichholz.com\/en\/wp-json\/wp\/v2\/types\/page"}],"author":[{"embeddable":true,"href":"https:\/\/eichholz.com\/en\/wp-json\/wp\/v2\/users\/7"}],"replies":[{"embeddable":true,"href":"https:\/\/eichholz.com\/en\/wp-json\/wp\/v2\/comments?post=1965"}],"version-history":[{"count":5,"href":"https:\/\/eichholz.com\/en\/wp-json\/wp\/v2\/pages\/1965\/revisions"}],"predecessor-version":[{"id":2631,"href":"https:\/\/eichholz.com\/en\/wp-json\/wp\/v2\/pages\/1965\/revisions\/2631"}],"wp:attachment":[{"href":"https:\/\/eichholz.com\/en\/wp-json\/wp\/v2\/media?parent=1965"}],"curies":[{"name":"wp","href":"https:\/\/api.w.org\/{rel}","templated":true}]}}